{"id":1606,"date":"2024-03-22T17:49:48","date_gmt":"2024-03-22T17:49:48","guid":{"rendered":"https:\/\/nereaorenes.com\/?page_id=1606"},"modified":"2025-08-30T09:04:41","modified_gmt":"2025-08-30T09:04:41","slug":"en","status":"publish","type":"page","link":"https:\/\/nereaorenes.com\/de\/","title":{"rendered":"EN"},"content":{"rendered":"<div style=\"height:100px\" aria-hidden=\"true\" class=\"wp-block-spacer\"><\/div>\n\n\n\n<h2 class=\"wp-block-heading alignwide has-large-font-size\" style=\"text-transform:uppercase\"><\/h2>\n\n\n\n<div class=\"wp-block-group alignfull is-content-justification-center is-layout-constrained wp-block-group-is-layout-constrained\">\n<div class=\"wp-block-media-text alignwide has-media-on-the-right is-stacked-on-mobile is-vertically-aligned-top is-image-fill-element has-white-color has-foreground-background-color has-text-color has-background\"><div class=\"wp-block-media-text__content\">\n<div class=\"wp-block-group is-content-justification-left is-layout-constrained wp-container-core-group-is-layout-173d318e wp-block-group-is-layout-constrained\" style=\"padding-right:7vw;padding-left:7vw\">\n<h2 class=\"wp-block-heading alignfull has-generalsans-font-family has-extra-large-font-size has-custom-font\" style=\"line-height:0.9;text-transform:uppercase;font-family:generalsans\"><br>Hallo <\/h2>\n\n\n\n<h2 class=\"wp-block-heading alignfull has-generalsans-font-family has-medium-font-size has-custom-font\" style=\"letter-spacing:0.7px;line-height:1.1;text-transform:uppercase;font-family:generalsans\">Willkommen auf meiner Webseite.<\/h2>\n\n\n\n<div style=\"height:142px\" aria-hidden=\"true\" class=\"wp-block-spacer\"><\/div>\n\n\n\n<h2 class=\"wp-block-heading alignwide has-text-align-left has-medium-font-size\" style=\"line-height:0.9;text-transform:uppercase\"><\/h2>\n\n\n\n<div style=\"height:74px\" aria-hidden=\"true\" class=\"wp-block-spacer\"><\/div>\n\n\n\n<h2 class=\"wp-block-heading alignfull has-text-align-left has-generalsans-font-family has-medium-font-size has-custom-font\" style=\"line-height:1.1;text-transform:uppercase;font-family:generalsans\">MIT SITZ IN STUTTGART,<\/h2>\n\n\n\n<h2 class=\"wp-block-heading alignfull has-text-align-left has-generalsans-font-family has-medium-font-size has-custom-font\" style=\"line-height:1.1;text-transform:uppercase;font-family:generalsans\">Architektur, Interior- und Produktdesign vereint.<\/h2>\n\n\n\n<p class=\"wp-block-paragraph\"><\/p>\n\n\n\n<h2 class=\"wp-block-heading has-text-align-left has-background-color has-text-color has-link-color has-medium-font-size wp-elements-ca08d4ad08d126bdd8d4eecdc3867363\" style=\"line-height:0.9;text-transform:uppercase\"><\/h2>\n<\/div>\n\n\n\n<h2 class=\"wp-block-heading has-text-align-left has-background-color has-text-color has-link-color has-medium-font-size wp-elements-ce2891f99d8d17a529de4f42129a62be\" style=\"line-height:0.9;text-transform:uppercase\"><\/h2>\n<\/div><figure class=\"wp-block-media-text__media\"><img data-recalc-dims=\"1\" fetchpriority=\"high\" decoding=\"async\" width=\"569\" height=\"1024\" data-attachment-id=\"1374\" data-permalink=\"https:\/\/nereaorenes.com\/de\/?attachment_id=1374\" data-orig-file=\"https:\/\/i0.wp.com\/nereaorenes.com\/wp-content\/uploads\/2024\/03\/NEREA-ORENES-STUDIO.-INTERIOR-DESIGN-1.jpg?fit=1116%2C2008&amp;ssl=1\" data-orig-size=\"1116,2008\" data-comments-opened=\"0\" data-image-meta=\"{&quot;aperture&quot;:&quot;0&quot;,&quot;credit&quot;:&quot;&quot;,&quot;camera&quot;:&quot;&quot;,&quot;caption&quot;:&quot;&quot;,&quot;created_timestamp&quot;:&quot;0&quot;,&quot;copyright&quot;:&quot;&quot;,&quot;focal_length&quot;:&quot;0&quot;,&quot;iso&quot;:&quot;0&quot;,&quot;shutter_speed&quot;:&quot;0&quot;,&quot;title&quot;:&quot;&quot;,&quot;orientation&quot;:&quot;1&quot;}\" data-image-title=\"NEREA-ORENES-STUDIO.-INTERIOR-DESIGN-1\" data-image-description=\"\" data-image-caption=\"\" data-large-file=\"https:\/\/i0.wp.com\/nereaorenes.com\/wp-content\/uploads\/2024\/03\/NEREA-ORENES-STUDIO.-INTERIOR-DESIGN-1.jpg?fit=569%2C1024&amp;ssl=1\" src=\"https:\/\/i0.wp.com\/nereaorenes.com\/wp-content\/uploads\/2024\/03\/NEREA-ORENES-STUDIO.-INTERIOR-DESIGN-1.jpg?resize=569%2C1024&#038;ssl=1\" alt=\"\" class=\"wp-image-1374 size-full\" style=\"object-position:50% 50%\" srcset=\"https:\/\/i0.wp.com\/nereaorenes.com\/wp-content\/uploads\/2024\/03\/NEREA-ORENES-STUDIO.-INTERIOR-DESIGN-1.jpg?resize=569%2C1024&amp;ssl=1 569w, https:\/\/i0.wp.com\/nereaorenes.com\/wp-content\/uploads\/2024\/03\/NEREA-ORENES-STUDIO.-INTERIOR-DESIGN-1.jpg?resize=167%2C300&amp;ssl=1 167w, https:\/\/i0.wp.com\/nereaorenes.com\/wp-content\/uploads\/2024\/03\/NEREA-ORENES-STUDIO.-INTERIOR-DESIGN-1.jpg?resize=768%2C1382&amp;ssl=1 768w, https:\/\/i0.wp.com\/nereaorenes.com\/wp-content\/uploads\/2024\/03\/NEREA-ORENES-STUDIO.-INTERIOR-DESIGN-1.jpg?resize=854%2C1536&amp;ssl=1 854w, https:\/\/i0.wp.com\/nereaorenes.com\/wp-content\/uploads\/2024\/03\/NEREA-ORENES-STUDIO.-INTERIOR-DESIGN-1.jpg?resize=600%2C1080&amp;ssl=1 600w, https:\/\/i0.wp.com\/nereaorenes.com\/wp-content\/uploads\/2024\/03\/NEREA-ORENES-STUDIO.-INTERIOR-DESIGN-1.jpg?resize=122%2C220&amp;ssl=1 122w, https:\/\/i0.wp.com\/nereaorenes.com\/wp-content\/uploads\/2024\/03\/NEREA-ORENES-STUDIO.-INTERIOR-DESIGN-1.jpg?w=1116&amp;ssl=1 1116w\" sizes=\"(max-width: 569px) 100vw, 569px\" \/><\/figure><\/div>\n<\/div>\n\n\n\n<div class=\"wp-block-group alignfull is-nowrap is-layout-flex wp-container-core-group-is-layout-1a9244c7 wp-block-group-is-layout-flex\">\n<div style=\"height:150px;width:0px\" aria-hidden=\"true\" class=\"wp-block-spacer wp-container-content-88a6062c\"><\/div>\n<\/div>\n\n\n\n<div class=\"wp-block-group alignfull l-no-margin-top has-white-background-color has-background is-layout-constrained wp-block-group-is-layout-constrained\">\n<div style=\"height:0px\" aria-hidden=\"true\" class=\"wp-block-spacer\"><\/div>\n\n\n\n<div class=\"wp-block-group alignwide is-layout-flow wp-block-group-is-layout-flow\">\n<div class=\"wp-block-media-text alignwide is-stacked-on-mobile is-vertically-aligned-top is-image-fill-element\"><figure class=\"wp-block-media-text__media\"><img data-recalc-dims=\"1\" decoding=\"async\" width=\"1024\" height=\"731\" data-attachment-id=\"978\" data-permalink=\"https:\/\/nereaorenes.com\/de\/high-res-img_1550\/\" data-orig-file=\"https:\/\/i0.wp.com\/nereaorenes.com\/wp-content\/uploads\/2024\/03\/High-Res-IMG_1550.jpg?fit=5824%2C4160&amp;ssl=1\" data-orig-size=\"5824,4160\" data-comments-opened=\"0\" data-image-meta=\"{&quot;aperture&quot;:&quot;8&quot;,&quot;credit&quot;:&quot;Fotofabrik&quot;,&quot;camera&quot;:&quot;Canon EOS RP&quot;,&quot;caption&quot;:&quot;&quot;,&quot;created_timestamp&quot;:&quot;1680340579&quot;,&quot;copyright&quot;:&quot;Fotofabrik Stuttgart&quot;,&quot;focal_length&quot;:&quot;77&quot;,&quot;iso&quot;:&quot;100&quot;,&quot;shutter_speed&quot;:&quot;0.00625&quot;,&quot;title&quot;:&quot;&quot;,&quot;orientation&quot;:&quot;0&quot;}\" data-image-title=\"High Res-IMG_1550\" data-image-description=\"\" data-image-caption=\"\" data-large-file=\"https:\/\/i0.wp.com\/nereaorenes.com\/wp-content\/uploads\/2024\/03\/High-Res-IMG_1550.jpg?fit=1024%2C731&amp;ssl=1\" src=\"https:\/\/i0.wp.com\/nereaorenes.com\/wp-content\/uploads\/2024\/03\/High-Res-IMG_1550.jpg?resize=1024%2C731&#038;ssl=1\" alt=\"\" class=\"wp-image-978 size-full\" style=\"object-position:50% 50%\" srcset=\"https:\/\/i0.wp.com\/nereaorenes.com\/wp-content\/uploads\/2024\/03\/High-Res-IMG_1550.jpg?resize=1024%2C731&amp;ssl=1 1024w, https:\/\/i0.wp.com\/nereaorenes.com\/wp-content\/uploads\/2024\/03\/High-Res-IMG_1550.jpg?resize=300%2C214&amp;ssl=1 300w, https:\/\/i0.wp.com\/nereaorenes.com\/wp-content\/uploads\/2024\/03\/High-Res-IMG_1550.jpg?resize=768%2C549&amp;ssl=1 768w, https:\/\/i0.wp.com\/nereaorenes.com\/wp-content\/uploads\/2024\/03\/High-Res-IMG_1550.jpg?resize=1536%2C1097&amp;ssl=1 1536w, https:\/\/i0.wp.com\/nereaorenes.com\/wp-content\/uploads\/2024\/03\/High-Res-IMG_1550.jpg?resize=2048%2C1463&amp;ssl=1 2048w, https:\/\/i0.wp.com\/nereaorenes.com\/wp-content\/uploads\/2024\/03\/High-Res-IMG_1550.jpg?resize=1200%2C857&amp;ssl=1 1200w, https:\/\/i0.wp.com\/nereaorenes.com\/wp-content\/uploads\/2024\/03\/High-Res-IMG_1550.jpg?resize=600%2C429&amp;ssl=1 600w, https:\/\/i0.wp.com\/nereaorenes.com\/wp-content\/uploads\/2024\/03\/High-Res-IMG_1550.jpg?resize=122%2C87&amp;ssl=1 122w, https:\/\/i0.wp.com\/nereaorenes.com\/wp-content\/uploads\/2024\/03\/High-Res-IMG_1550.jpg?w=3000&amp;ssl=1 3000w\" sizes=\"(max-width: 1000px) 100vw, 1000px\" \/><\/figure><div class=\"wp-block-media-text__content\">\n<div class=\"wp-block-group is-layout-constrained wp-container-core-group-is-layout-61d237c8 wp-block-group-is-layout-constrained\" style=\"padding-right:1vw;padding-left:3vw\">\n<p class=\"has-generalsans-font-family has-small-font-size has-custom-font wp-block-paragraph\" style=\"font-style:normal;font-weight:400;text-transform:uppercase;font-family:generalsans\">\u00dcBER MICH<\/p>\n\n\n\n<div style=\"height:0px;width:0px\" aria-hidden=\"true\" class=\"wp-block-spacer\"><\/div>\n\n\n\n<p class=\"wp-block-paragraph\"><\/p>\n\n\n\n<p class=\"has-generalsans-font-family has-small-font-size has-custom-font wp-block-paragraph\" style=\"font-family:generalsans\">NEREA ORENES RODR\u00cdGUEZ<\/p>\n<\/div>\n\n\n\n<p class=\"wp-block-paragraph\"><\/p>\n\n\n\n<div class=\"wp-block-group is-layout-constrained wp-container-core-group-is-layout-61d237c8 wp-block-group-is-layout-constrained\" style=\"padding-right:1vw;padding-left:3vw\">\n<p class=\"wp-block-paragraph\"><\/p>\n\n\n\n<h2 class=\"wp-block-heading has-generalsans-font-family has-large-font-size has-custom-font\" style=\"font-family:generalsans\">SPANISCHE ARCHITEKTIN<\/h2>\n\n\n\n<h2 class=\"wp-block-heading has-generalsans-font-family has-large-font-size has-custom-font\" style=\"font-family:generalsans\">R\u00c4UMLICHES ERBE TRIFFT AUF INNOVATION.<\/h2>\n\n\n\n<h2 class=\"wp-block-heading has-generalsans-font-family has-normal-font-size has-custom-font\" style=\"font-style:normal;font-weight:500;font-family:generalsans\">Zukunftsweisende L\u00f6sungen bauen auf Nachhaltigkeit auf.<\/h2>\n<\/div>\n\n\n\n<p class=\"wp-block-paragraph\"><\/p>\n\n\n\n<p class=\"wp-block-paragraph\"><\/p>\n\n\n\n<p class=\"wp-block-paragraph\"><\/p>\n\n\n\n<div class=\"wp-block-group is-layout-constrained wp-container-core-group-is-layout-61d237c8 wp-block-group-is-layout-constrained\" style=\"padding-right:1vw;padding-left:3vw\"><\/div>\n\n\n\n<p class=\"wp-block-paragraph\"><\/p>\n\n\n\n<div class=\"wp-block-group is-layout-constrained wp-container-core-group-is-layout-61d237c8 wp-block-group-is-layout-constrained\" style=\"padding-right:1vw;padding-left:3vw\">\n<p class=\"has-generalsans-font-family has-small-font-size has-custom-font wp-block-paragraph\" style=\"line-height:1.6;font-family:generalsans\">Ich habe Architektur an der Universidad Polit\u00e9cnica de Valencia und an der Universit\u00e4t Stuttgart studiert. Mit \u00fcber zehn Jahren Berufserfahrung habe ich meine Laufbahn in Projekten hochwertiger, nachhaltiger und restaurativer Architektur entwickelt, bevor ich Nerea Orenes Studio gr\u00fcndete.<\/p>\n\n\n\n<p class=\"has-generalsans-font-family has-small-font-size has-custom-font wp-block-paragraph\" style=\"line-height:1.6;font-family:generalsans\">Nachhaltig zu kreieren ist heute nicht nur ein Imperativ, sondern auch eine Chance, nicht nur durch den Einsatz verantwortungsvoller Materialien, sondern auch durch die Neugestaltung bestehender R\u00e4ume. Mich inspirieren die zeitgen\u00f6ssische Kunst und die unendlichen Texturen des Meeres. Nerea Orenes Studio verbindet Tradition und Avantgarde, um einzigartige R\u00e4ume entstehen zu lassen, die ihre Essenz bewahren, getragen von einem frischen und eleganten Blick auf den Raum.<\/p>\n\n\n\n<div style=\"height:0px;width:0px\" aria-hidden=\"true\" class=\"wp-block-spacer\"><\/div>\n\n\n\n<div style=\"height:0px;width:0px\" aria-hidden=\"true\" class=\"wp-block-spacer\"><\/div>\n\n\n\n<p class=\"wp-block-paragraph\"><\/p>\n<\/div>\n<\/div><\/div>\n<\/div>\n\n\n\n<div style=\"height:123px\" aria-hidden=\"true\" class=\"wp-block-spacer\"><\/div>\n<\/div>","protected":false},"excerpt":{"rendered":"<p>Hi there. Welcome to my webSITE. BASED IN STUTTGART, FUSIONING ARCHITECTURE, interior and product design. About me NEREA ORENES RODR\u00cdGUEZ SPANISH ARCHITECT, BLENDING INNOVATION AND CULTURAL HERITAGE. TRUE THRIVING REQUIRES SUSTAINABILITY. I studied Architecture at the Universidad Polit\u00e9cnica de Valencia and at the Universit\u00e4t Stuttgart and my ten years experience background prior to founding Nerea<\/p>","protected":false},"author":99124816,"featured_media":0,"parent":0,"menu_order":0,"comment_status":"closed","ping_status":"closed","template":"","meta":{"_coblocks_attr":"","_coblocks_dimensions":"","_coblocks_responsive_height":"","_coblocks_accordion_ie_support":"","_crdt_document":"","advgb_blocks_editor_width":"","advgb_blocks_columns_visual_guide":"","advanced_seo_description":"","jetpack_seo_html_title":"","jetpack_seo_noindex":false,"jetpack_post_was_ever_published":false,"footnotes":""},"class_list":["post-1606","page","type-page","status-publish","hentry"],"coauthors":[],"author_meta":{"author_link":"https:\/\/nereaorenes.com\/de\/author\/nereaorenes\/","display_name":"nereaorenes"},"relative_dates":{"created":"Ver\u00f6ffentlicht 2\u00a0Jahren vor","modified":"Aktualisiert 7\u00a0Monaten vor"},"absolute_dates":{"created":"Ver\u00f6ffentlicht am M\u00e4rz 22, 2024","modified":"Aktualisiert am August 30, 2025"},"absolute_dates_time":{"created":"Ver\u00f6ffentlicht am M\u00e4rz 22, 2024 5:49 p.m.","modified":"Aktualisiert am August 30, 2025 9:04 a.m."},"featured_img_caption":"","featured_img":false,"series_order":"","jetpack_likes_enabled":true,"jetpack_sharing_enabled":true,"jetpack_shortlink":"https:\/\/wp.me\/P75dfR-pU","_links":{"self":[{"href":"https:\/\/nereaorenes.com\/de\/wp-json\/wp\/v2\/pages\/1606","targetHints":{"allow":["GET"]}}],"collection":[{"href":"https:\/\/nereaorenes.com\/de\/wp-json\/wp\/v2\/pages"}],"about":[{"href":"https:\/\/nereaorenes.com\/de\/wp-json\/wp\/v2\/types\/page"}],"author":[{"embeddable":true,"href":"https:\/\/nereaorenes.com\/de\/wp-json\/wp\/v2\/users\/99124816"}],"replies":[{"embeddable":true,"href":"https:\/\/nereaorenes.com\/de\/wp-json\/wp\/v2\/comments?post=1606"}],"version-history":[{"count":41,"href":"https:\/\/nereaorenes.com\/de\/wp-json\/wp\/v2\/pages\/1606\/revisions"}],"predecessor-version":[{"id":2695,"href":"https:\/\/nereaorenes.com\/de\/wp-json\/wp\/v2\/pages\/1606\/revisions\/2695"}],"wp:attachment":[{"href":"https:\/\/nereaorenes.com\/de\/wp-json\/wp\/v2\/media?parent=1606"}],"curies":[{"name":"wp","href":"https:\/\/api.w.org\/{rel}","templated":true}]}}